{"id":221,"date":"2022-07-26T09:52:41","date_gmt":"2022-07-26T09:52:41","guid":{"rendered":"https:\/\/practical-mayer.157-90-23-119.plesk.page\/?page_id=221"},"modified":"2024-10-25T07:35:29","modified_gmt":"2024-10-25T07:35:29","slug":"impressum","status":"publish","type":"page","link":"https:\/\/kanzlei-kohl.de\/?page_id=221","title":{"rendered":"Impressum"},"content":{"rendered":"\t\t<div data-elementor-type=\"wp-page\" data-elementor-id=\"221\" class=\"elementor elementor-221\" data-elementor-post-type=\"page\">\n\t\t\t\t\t\t<section class=\"elementor-section elementor-top-section elementor-element elementor-element-2050aad elementor-section-boxed elementor-section-height-default elementor-section-height-default\" data-id=\"2050aad\" data-element_type=\"section\" data-e-type=\"section\">\n\t\t\t\t\t\t<div class=\"elementor-container elementor-column-gap-default\">\n\t\t\t\t\t<div class=\"elementor-column elementor-col-100 elementor-top-column elementor-element elementor-element-775dbeb\" data-id=\"775dbeb\" data-element_type=\"column\" data-e-type=\"column\">\n\t\t\t<div class=\"elementor-widget-wrap elementor-element-populated\">\n\t\t\t\t\t\t<div class=\"elementor-element elementor-element-f656b92 elementor-widget elementor-widget-text-editor\" data-id=\"f656b92\" data-element_type=\"widget\" data-e-type=\"widget\" data-widget_type=\"text-editor.default\">\n\t\t\t\t<div class=\"elementor-widget-container\">\n\t\t\t\t\t\t\t\t\t<p><strong>Impressum und rechtliche Hinweise<\/strong><\/p><p><strong>Angaben gem\u00e4\u00df \u00a7 2 DL-InfoV u. VSBG<\/strong><\/p><p>Anbieter der Website:<br \/>Markus Kohl<br \/>als Inhaber der Rechtsanwaltskanzlei Kohl &amp; Kollege<br \/>Ludwigstra\u00dfe 10<br \/>63920 Gro\u00dfheubach<\/p><p>Kontakt:<\/p><p>Telefon: +49 (0) 9371 \/ 95 90 30<br \/>Telefax: +49 (0) 9371 \/ 95 90 31<br \/>E-Mail: <a href=\"mailto:info@kanzlei-kohl.de\">info@kanzlei-kohl.de<\/a><br \/><a href=\"https:\/\/www.ra-kohl.de\">www.ra-kohl.de<\/a><\/p><p>Umsatzsteuer-Identifikationsnummer: DE 228013589<\/p><p><b>Berufsrecht<br \/><\/b>S\u00e4mtliche Rechtsanw\u00e4lte der Rechtsanwaltskanzlei Kohl &amp; Kollege sind in der Bundesrepublik Deutschland mit der Berufsbezeichnung \u201eRechtsanwalt\u201c zugelassen.<\/p><p>Zust\u00e4ndige Rechtsanwaltskammer und Aufsichtsbeh\u00f6rde:<br \/>Rechtsanwaltskammer Bamberg<\/p><p>Friedrichstra\u00dfe 7<br \/>96047 Bamberg<\/p><p>Die ma\u00dfgeblichen berufsrechtlichen Regelungen sind:<\/p><p>BRAO (Bundesrechtsanwaltsordnung)<br \/>BORA (Berufsordnung f\u00fcr Rechtsanw\u00e4lte)<br \/>FAO (Fachanwaltsordnung)<br \/>RVG (Gesetz \u00fcber die Verg\u00fctung der Rechtsanw\u00e4ltinnen und Rechtsanw\u00e4lte\/Rechtsanwaltsverg\u00fctungsgesetz)<br \/>EuRAG &#8211; Gesetz \u00fcber die T\u00e4tigkeit europ\u00e4ischer Rechtsanw\u00e4lte in Deutschland<\/p><p>Die berufsrechtlichen Regelungen f\u00fcr Rechtsanw\u00e4lte und Rechtsanw\u00e4ltinnen, welche in Deutschland niedergelassen sind, k\u00f6nnen unter\u00a0<u><a href=\"http:\/\/www.brak.de\/\">www.brak.de<\/a><\/u>\u00a0 bei der Bundesrechtsanwaltskammer abgerufen werden.<\/p><p>Berufshaftpflichtversicherung im Sinne von \u00a7 51 BRAO:<br \/>HDI, HDI-Platz 1, 30659 Hannover (Geltung: weltweit)<\/p><p><strong>Verbraucherstreitschlichtung<\/strong><\/p><p>EU-Streitschlichtung<\/p><p>Die Europ\u00e4ische Kommission stellt eine Plattform zur Online-Streitbeilegung bereit:\u00a0<a href=\"https:\/\/ec.europa.eu\/consumers\/odr\">https:\/\/ec.europa.eu\/consumers\/odr<\/a>.<\/p><p>Wir sind grunds\u00e4tzlich nicht bereit und nicht verpflichtet, an Streitbeilegungsverfahren vor einer Verbraucherschlichtungsstelle oder der Verbraucherschlichtungsstelle f\u00fcr Rechtsanw\u00e4lte der Bundesrechtsanwaltskammer teilzunehmen.<\/p><p><strong>Bildquellennachweise<\/strong><\/p><p>In der Website der Rechtsanwaltskanzlei Kohl &amp; Kollege werden Bilder und Grafiken von News Verlag GmbH &amp; Co. KG verwendet.<\/p><p><strong>Inhaltliche Verantwortlichkeit<\/strong><\/p><p>Verantwortliche Person f\u00fcr die Inhalte und die Gestaltung der Website ist Rechtsanwalt Markus Kohl.<\/p><p>Als Diensteanbieter sind wir f\u00fcr eigene Inhalte auf diesen Seiten nach den allgemeinen Gesetzen verantwortlich. Unser Angebot enth\u00e4lt jedoch auch Links zu externen Websites Dritter, auf deren Inhalte wir keinen Einfluss haben. F\u00fcr fremde Inhalte \u00fcbernehmen wir keine Gew\u00e4hr; f\u00fcr die Inhalte von verlinkten Seiten ist ausschlie\u00dflich der jeweilige Anbieter oder Betreiber der Seiten verantwortlich. Die verlinkten Seiten wurden zum Zeitpunkt der Verlinkung auf m\u00f6gliche Rechtsverst\u00f6\u00dfe \u00fcberpr\u00fcft. Rechtswidrige Inhalte waren zum Zeitpunkt der Verlinkung nicht erkennbar.<\/p><p>Nach \u00a7\u00a7 8 bis 10 TMG sind wir als Diensteanbieter nicht verpflichtet, \u00fcbermittelte oder gespeicherte fremde Informationen zu \u00fcberwachen oder nach Umst\u00e4nden zu forschen, die auf eine rechtswidrige T\u00e4tigkeit hinweisen.<\/p><p>Eine permanente inhaltliche Kontrolle der verlinkten Seiten ist jedoch ohne konkrete Anhaltspunkte einer Rechtsverletzung nicht zumutbar. Bei Bekanntwerden von Rechtsverletzungen werden wir derartige Links umgehend entfernen.<\/p><p>Verpflichtungen zur Entfernung oder Sperrung der Nutzung von Informationen nach den allgemeinen Gesetzen bleiben hiervon unber\u00fchrt. Eine diesbez\u00fcgliche Haftung ist jedoch erst ab dem Zeitpunkt der Kenntnis einer konkreten Rechtsverletzung m\u00f6glich. Bei Bekanntwerden von entsprechenden Rechtsverletzungen werden wir diese Inhalte umgehend entfernen.<\/p><h3>Urheberrecht<\/h3><p>Die Inhalte, Grafiken, Lichtbilder und sonstigen Werke auf diesen Seiten unterliegen dem deutschen Urheberrecht. Die Vervielf\u00e4ltigung, Bearbeitung, Verbreitung und jede Art der Verwertung au\u00dferhalb der Grenzen des Urheberrechtes bed\u00fcrfen der schriftlichen Zustimmung des jeweiligen Autors bzw. Erstellers. Downloads und Kopien dieser Seite sind ausschlie\u00dflich f\u00fcr den privaten, nicht kommerziellen Gebrauch gestattet.<\/p><p>Soweit Inhalte auf dieser Homepage nicht vom Diensteanbieter erstellt wurden, werden die Urheberrechte Dritter gewahrt; insbesondere sind Inhalte Dritter als solche gekennzeichnet. Sollten Sie trotzdem eine Urheberrechtsverletzung auf unserer Homepage erkennen, bitten wir um Ihren freundlichen Hinweis. Bei uns bekannten oder angezeigten Rechtsverletzungen werden wir diesbez\u00fcgliche Inhalte unverz\u00fcglich entfernen.<\/p><p><b>Konzept und Gestaltung der Webseite:<br \/><\/b>News Creativ News Verlag GmbH &amp; Co. KG<br \/>Br\u00fcckenstra\u00dfe 11<br \/>63897 Miltenberg<br \/>Telefon 09371 955 0<br \/><a href=\"https:\/\/news-creativ.de\/\">www.news-creativ.de<\/a><\/p>\t\t\t\t\t\t\t\t<\/div>\n\t\t\t\t<\/div>\n\t\t\t\t\t<\/div>\n\t\t<\/div>\n\t\t\t\t\t<\/div>\n\t\t<\/section>\n\t\t\t\t<\/div>\n\t\t","protected":false},"excerpt":{"rendered":"<p>Impressum und rechtliche Hinweise Angaben gem\u00e4\u00df \u00a7 2 DL-InfoV u. VSBG Anbieter der Website:Markus Kohlals Inhaber der Rechtsanwaltskanzlei Kohl &amp; KollegeLudwigstra\u00dfe 1063920 Gro\u00dfheubach Kontakt: Telefon: +49 (0) 9371 \/ 95 90 30Telefax: +49 (0) 9371 \/ 95 90 31E-Mail: info@kanzlei-kohl.dewww.ra-kohl.de Umsatzsteuer-Identifikationsnummer: DE 228013589 BerufsrechtS\u00e4mtliche Rechtsanw\u00e4lte der Rechtsanwaltskanzlei Kohl &amp; Kollege sind in der Bundesrepublik Deutschland [&hellip;]<\/p>\n","protected":false},"author":1,"featured_media":0,"parent":0,"menu_order":0,"comment_status":"closed","ping_status":"closed","template":"","meta":{"site-sidebar-layout":"no-sidebar","site-content-layout":"page-builder","ast-site-content-layout":"default","site-content-style":"default","site-sidebar-style":"default","ast-global-header-display":"","ast-banner-title-visibility":"","ast-main-header-display":"","ast-hfb-above-header-display":"","ast-hfb-below-header-display":"","ast-hfb-mobile-header-display":"","site-post-title":"disabled","ast-breadcrumbs-content":"","ast-featured-img":"disabled","footer-sml-layout":"","ast-disable-related-posts":"","theme-transparent-header-meta":"","adv-header-id-meta":"","stick-header-meta":"","header-above-stick-meta":"","header-main-stick-meta":"","header-below-stick-meta":"","astra-migrate-meta-layouts":"default","ast-page-background-enabled":"default","ast-page-background-meta":{"desktop":{"background-color":"var(--ast-global-color-4)","background-image":"","background-repeat":"repeat","background-position":"center center","background-size":"auto","background-attachment":"scroll","background-type":"","background-media":"","overlay-type":"","overlay-color":"","overlay-opacity":"","overlay-gradient":""},"tablet":{"background-color":"","background-image":"","background-repeat":"repeat","background-position":"center center","background-size":"auto","background-attachment":"scroll","background-type":"","background-media":"","overlay-type":"","overlay-color":"","overlay-opacity":"","overlay-gradient":""},"mobile":{"background-color":"","background-image":"","background-repeat":"repeat","background-position":"center center","background-size":"auto","background-attachment":"scroll","background-type":"","background-media":"","overlay-type":"","overlay-color":"","overlay-opacity":"","overlay-gradient":""}},"ast-content-background-meta":{"desktop":{"background-color":"var(--ast-global-color-5)","background-image":"","background-repeat":"repeat","background-position":"center center","background-size":"auto","background-attachment":"scroll","background-type":"","background-media":"","overlay-type":"","overlay-color":"","overlay-opacity":"","overlay-gradient":""},"tablet":{"background-color":"var(--ast-global-color-5)","background-image":"","background-repeat":"repeat","background-position":"center center","background-size":"auto","background-attachment":"scroll","background-type":"","background-media":"","overlay-type":"","overlay-color":"","overlay-opacity":"","overlay-gradient":""},"mobile":{"background-color":"var(--ast-global-color-5)","background-image":"","background-repeat":"repeat","background-position":"center center","background-size":"auto","background-attachment":"scroll","background-type":"","background-media":"","overlay-type":"","overlay-color":"","overlay-opacity":"","overlay-gradient":""}},"footnotes":""},"class_list":["post-221","page","type-page","status-publish","hentry"],"_links":{"self":[{"href":"https:\/\/kanzlei-kohl.de\/index.php?rest_route=\/wp\/v2\/pages\/221","targetHints":{"allow":["GET"]}}],"collection":[{"href":"https:\/\/kanzlei-kohl.de\/index.php?rest_route=\/wp\/v2\/pages"}],"about":[{"href":"https:\/\/kanzlei-kohl.de\/index.php?rest_route=\/wp\/v2\/types\/page"}],"author":[{"embeddable":true,"href":"https:\/\/kanzlei-kohl.de\/index.php?rest_route=\/wp\/v2\/users\/1"}],"replies":[{"embeddable":true,"href":"https:\/\/kanzlei-kohl.de\/index.php?rest_route=%2Fwp%2Fv2%2Fcomments&post=221"}],"version-history":[{"count":16,"href":"https:\/\/kanzlei-kohl.de\/index.php?rest_route=\/wp\/v2\/pages\/221\/revisions"}],"predecessor-version":[{"id":274,"href":"https:\/\/kanzlei-kohl.de\/index.php?rest_route=\/wp\/v2\/pages\/221\/revisions\/274"}],"wp:attachment":[{"href":"https:\/\/kanzlei-kohl.de\/index.php?rest_route=%2Fwp%2Fv2%2Fmedia&parent=221"}],"curies":[{"name":"wp","href":"https:\/\/api.w.org\/{rel}","templated":true}]}}